{"id":5600,"date":"2022-05-12T11:44:17","date_gmt":"2022-05-12T11:44:17","guid":{"rendered":"https:\/\/opalomo.com\/comercio-internacional\/"},"modified":"2022-09-13T09:32:02","modified_gmt":"2022-09-13T09:32:02","slug":"comercio-internacional","status":"publish","type":"page","link":"https:\/\/opalomo.com\/fr\/comercio-internacional\/","title":{"rendered":"Commerce international"},"content":{"rendered":"\t\t<div data-elementor-type=\"wp-page\" data-elementor-id=\"5600\" class=\"elementor elementor-5600\">\n\t\t\t\t\t\t\t\t\t<section class=\"elementor-section elementor-top-section elementor-element elementor-element-1d3ae58 elementor-section-height-min-height elementor-section-boxed elementor-section-height-default elementor-section-items-middle\" data-id=\"1d3ae58\" data-element_type=\"section\" id=\"importacionExportacion\" data-settings=\"{&quot;background_background&quot;:&quot;video&quot;,&quot;background_video_link&quot;:&quot;https:\\\/\\\/opalomo.com\\\/wp-content\\\/uploads\\\/2022\\\/05\\\/Container-23759_Trim.mp4&quot;,&quot;background_play_on_mobile&quot;:&quot;yes&quot;}\">\n\t\t\t\t\t\t\t\t<div class=\"elementor-background-video-container\">\n\t\t\t\t\t\t\t\t\t\t\t\t\t<video class=\"elementor-background-video-hosted elementor-html5-video\" autoplay muted playsinline loop><\/video>\n\t\t\t\t\t\t\t\t\t\t\t<\/div>\n\t\t\t\t\t\t\t\t\t<div class=\"elementor-background-overlay\"><\/div>\n\t\t\t\t\t\t\t<div class=\"elementor-container elementor-column-gap-extended\">\n\t\t\t\t\t<div class=\"elementor-column elementor-col-50 elementor-top-column elementor-element elementor-element-7c30c87\" data-id=\"7c30c87\" data-element_type=\"column\">\n\t\t\t<div class=\"elementor-widget-wrap elementor-element-populated\">\n\t\t\t\t\t\t\t\t<div class=\"elementor-element elementor-element-95be529 elementor-widget elementor-widget-pix-highlighted-text\" data-id=\"95be529\" data-element_type=\"widget\" data-widget_type=\"pix-highlighted-text.default\">\n\t\t\t\t<div class=\"elementor-widget-container\">\n\t\t\t<div id=\"highlighted-text-611866\" class=\"pix-highlighted-element text-left \"><h2 class=\"pix-highlighted-items \" style=\"\" data-anim-type=\"\" data-anim-delay=\"\"><span class=\"\"><span class=\"pix-highlighted-text pix-highlight-item font-weight-normal  font-weight-bold heading-font text-white\">Analyse des march\u00e9s <\/span><\/span><span id=\"highlighted-text-611866-1\" class=\"pix-highlight-bg align-middle2  elementor-repeater-item-c7920bf highlighted-text-611866-1 animate-in\" data-anim-type=\"highlight-grow\" data-anim-delay=\"200\"><span class=\"pix-highlighted-text  pix-highlight-item font-weight-normal  heading-font text-white\">import \/ export <\/span><\/span><\/h2><\/div>\t\t<\/div>\n\t\t\t\t<\/div>\n\t\t\t\t<div class=\"elementor-element elementor-element-512c57c elementor-widget elementor-widget-text-editor\" data-id=\"512c57c\" data-element_type=\"widget\" data-widget_type=\"text-editor.default\">\n\t\t\t\t<div class=\"elementor-widget-container\">\n\t\t\t<style>\/*! elementor - v3.18.0 - 20-12-2023 *\/\n.elementor-widget-text-editor.elementor-drop-cap-view-stacked .elementor-drop-cap{background-color:#69727d;color:#fff}.elementor-widget-text-editor.elementor-drop-cap-view-framed .elementor-drop-cap{color:#69727d;border:3px solid;background-color:transparent}.elementor-widget-text-editor:not(.elementor-drop-cap-view-default) .elementor-drop-cap{margin-top:8px}.elementor-widget-text-editor:not(.elementor-drop-cap-view-default) .elementor-drop-cap-letter{width:1em;height:1em}.elementor-widget-text-editor .elementor-drop-cap{float:left;text-align:center;line-height:1;font-size:50px}.elementor-widget-text-editor .elementor-drop-cap-letter{display:inline-block}<\/style>\t\t\t\t<p><span style=\"color: #ffffff;\">Des termes tels que fret maritime, march\u00e9s \u00e0 terme, volatilit\u00e9 ou devises sont habituels dans les op\u00e9rations quotidiennes effectu\u00e9es dans nos bureaux, situ\u00e9s dans la ville historique de S\u00e9govie, dans la r\u00e9gion de Castilla y Le\u00f3n, entour\u00e9s champs de c\u00e9r\u00e9ales et monuments mill\u00e9naires.<\/span><\/p>\t\t\t\t\t\t<\/div>\n\t\t\t\t<\/div>\n\t\t\t\t<div class=\"elementor-element elementor-element-37fe99e elementor-widget elementor-widget-text-editor\" data-id=\"37fe99e\" data-element_type=\"widget\" data-widget_type=\"text-editor.default\">\n\t\t\t\t<div class=\"elementor-widget-container\">\n\t\t\t\t\t\t\t<p><span style=\"color: #ffffff;\">Une \u00e9quipe de professionnels g\u00e8re les activit\u00e9s du Groupe Octaviano Palomo \u00e0 l\u2019int\u00e9rieur et \u00e0 l\u2019ext\u00e9rieur de nos fronti\u00e8res, ce qui nous permet d\u2019offrir \u00e0 nos clients des mati\u00e8res premi\u00e8res \u00e0 des prix comp\u00e9titifs, dans le d\u00e9lai convenu et selon les normes de qualit\u00e9 contractuelles.<\/span><\/p>\t\t\t\t\t\t<\/div>\n\t\t\t\t<\/div>\n\t\t\t\t<div class=\"elementor-element elementor-element-db67577 elementor-widget elementor-widget-text-editor\" data-id=\"db67577\" data-element_type=\"widget\" data-widget_type=\"text-editor.default\">\n\t\t\t\t<div class=\"elementor-widget-container\">\n\t\t\t\t\t\t\t<span style=\"color: #ffffff;\">Nous op\u00e9rons dans des r\u00e9gions d\u2019Ukraine, des R\u00e9publiques baltes, d\u2019Allemagne, d\u2019Angleterre, de France, de Roumanie, de Bulgarie et d\u2019autres comme le Br\u00e9sil, les \u00c9tats-Unis, le Mexique, l\u2019Argentine ou l\u2019Afrique du Sud.<\/span>\t\t\t\t\t\t<\/div>\n\t\t\t\t<\/div>\n\t\t\t\t\t<\/div>\n\t\t<\/div>\n\t\t\t\t<div class=\"elementor-column elementor-col-50 elementor-top-column elementor-element elementor-element-f7fb1eb\" data-id=\"f7fb1eb\" data-element_type=\"column\">\n\t\t\t<div class=\"elementor-widget-wrap\">\n\t\t\t\t\t\t\t\t\t<\/div>\n\t\t<\/div>\n\t\t\t\t\t\t\t<\/div>\n\t\t<\/section>\n\t\t\t\t<section class=\"elementor-section elementor-top-section elementor-element elementor-element-8137453 elementor-section-stretched elementor-section-full_width elementor-section-height-default elementor-section-height-default\" data-id=\"8137453\" data-element_type=\"section\" data-settings=\"{&quot;stretch_section&quot;:&quot;section-stretched&quot;,&quot;background_background&quot;:&quot;classic&quot;}\">\n\t\t\t\t\t\t<div class=\"elementor-container elementor-column-gap-no\">\n\t\t\t\t\t<div class=\"elementor-column elementor-col-100 elementor-top-column elementor-element elementor-element-8cde714\" data-id=\"8cde714\" data-element_type=\"column\">\n\t\t\t<div class=\"elementor-widget-wrap elementor-element-populated\">\n\t\t\t\t\t\t\t\t<div class=\"elementor-element elementor-element-4a49e68 elementor-widget elementor-widget-pix-dividers\" data-id=\"4a49e68\" data-element_type=\"widget\" data-widget_type=\"pix-dividers.default\">\n\t\t\t\t<div class=\"elementor-widget-container\">\n\t\t\t<div class=\"pix-divider  position-relative pix-bottom-divider\" data-style=\"style-dynamic\" style=\"bottom:-1px;\"><div class=\"pix-dividers-box\" >\n                    <svg class=\"pix-shape-dividers\"  viewBox=\"0 0 100 100\" preserveAspectRatio=\"none\">\n                        <defs><linearGradient id=\"divider-pix-accordion-652810-bottom-overlay-color-0\" x1=\"0%\" y1=\"0%\" x2=\"100%\" y2=\"0%\"><stop offset=\"0%\"   stop-color=\"rgba(255, 255, 255, 0.5)\"\/><stop offset=\"100%\"   stop-color=\"rgba(255, 255, 255, 0.01)\"\/><\/linearGradient><linearGradient id=\"divider-pix-accordion-652810-bottom-overlay-color-1\" x1=\"0%\" y1=\"0%\" x2=\"100%\" y2=\"0%\"><stop offset=\"0%\"   stop-color=\"rgba(255, 255, 255, 0.01)\"\/><stop offset=\"100%\"   stop-color=\"rgba(255, 255, 255, 0.45)\"\/><\/linearGradient><\/defs><path d=\"\" class=\"\" fill=\"url(#divider-pix-accordion-652810-bottom-overlay-color-0)\"><\/path><path d=\"\" class=\"\" fill=\"url(#divider-pix-accordion-652810-bottom-overlay-color-1)\"><\/path><path d=\"\" class=\"\" fill=\"#F8F9FA\"><\/path>\n                    <\/svg>\n                <\/div><\/div>\t\t<\/div>\n\t\t\t\t<\/div>\n\t\t\t\t\t<\/div>\n\t\t<\/div>\n\t\t\t\t\t\t\t<\/div>\n\t\t<\/section>\n\t\t\t\t<section class=\"elementor-section elementor-top-section elementor-element elementor-element-6492c11 elementor-section-boxed elementor-section-height-default elementor-section-height-default\" data-id=\"6492c11\" data-element_type=\"section\" id=\"redTransportes\" data-settings=\"{&quot;background_background&quot;:&quot;classic&quot;}\">\n\t\t\t\t\t\t<div class=\"elementor-container elementor-column-gap-extended\">\n\t\t\t\t\t<div class=\"elementor-column elementor-col-100 elementor-top-column elementor-element elementor-element-3e13495\" data-id=\"3e13495\" data-element_type=\"column\">\n\t\t\t<div class=\"elementor-widget-wrap elementor-element-populated\">\n\t\t\t\t\t\t\t\t<div class=\"elementor-element elementor-element-27f512f elementor-widget elementor-widget-pix-highlighted-text\" data-id=\"27f512f\" data-element_type=\"widget\" data-widget_type=\"pix-highlighted-text.default\">\n\t\t\t\t<div class=\"elementor-widget-container\">\n\t\t\t<div id=\"highlighted-text-14473602\" class=\"pix-highlighted-element text-left \"><h2 class=\"pix-highlighted-items \" style=\"\" data-anim-type=\"\" data-anim-delay=\"\"><span class=\"\"><span class=\"pix-highlighted-text pix-highlight-item font-weight-normal  font-weight-bold heading-font text-heading-default\">R\u00e9seau de <\/span><\/span><span id=\"highlighted-text-14473602-1\" class=\"pix-highlight-bg align-middle2  elementor-repeater-item-c7920bf highlighted-text-14473602-1 animate-in\" data-anim-type=\"highlight-grow\" data-anim-delay=\"200\"><span class=\"pix-highlighted-text  pix-highlight-item font-weight-normal  heading-font text-heading-default\">transport<\/span><\/span><\/h2><\/div>\t\t<\/div>\n\t\t\t\t<\/div>\n\t\t\t\t<div class=\"elementor-element elementor-element-4a47c4a elementor-widget elementor-widget-text-editor\" data-id=\"4a47c4a\" data-element_type=\"widget\" data-widget_type=\"text-editor.default\">\n\t\t\t\t<div class=\"elementor-widget-container\">\n\t\t\t\t\t\t\t<p>Nous collaborons avec des\u00a0<strong>prestataires logistiques<\/strong>\u00a0dans tout le territoire national (arri\u00e8re-pays et ports) ainsi qu\u2019\u00e0 l\u2019\u00e9tranger, avec des solutions terrestres, maritimes et fluviales et completons le service logistique \u00a0avec un vaste r\u00e9seau de transporteurs routiers agr\u00e9\u00e9s en tant que prestataires de services selon la norme\u00a0<strong>ISO 22000.<\/strong><\/p><p><strong>Nous recueillons la r\u00e9colte de nos clients et fournisseurs o\u00fa que ce soit avec les meilleures garanties.<\/strong><\/p>\t\t\t\t\t\t<\/div>\n\t\t\t\t<\/div>\n\t\t\t\t\t<\/div>\n\t\t<\/div>\n\t\t\t\t\t\t\t<\/div>\n\t\t<\/section>\n\t\t\t\t<section class=\"elementor-section elementor-top-section elementor-element elementor-element-731cbea elementor-section-full_width elementor-section-height-default elementor-section-height-default\" data-id=\"731cbea\" data-element_type=\"section\" id=\"sostenibilidad\" data-settings=\"{&quot;background_background&quot;:&quot;classic&quot;}\">\n\t\t\t\t\t\t<div class=\"elementor-container elementor-column-gap-no\">\n\t\t\t\t\t<div class=\"elementor-column elementor-col-100 elementor-top-column elementor-element elementor-element-d7aeaa3\" data-id=\"d7aeaa3\" data-element_type=\"column\" data-settings=\"{&quot;background_background&quot;:&quot;classic&quot;}\">\n\t\t\t<div class=\"elementor-widget-wrap elementor-element-populated\">\n\t\t\t\t\t\t\t\t<div class=\"elementor-element elementor-element-8c9c485 elementor-widget elementor-widget-pix-dividers\" data-id=\"8c9c485\" data-element_type=\"widget\" data-widget_type=\"pix-dividers.default\">\n\t\t\t\t<div class=\"elementor-widget-container\">\n\t\t\t<div class=\"pix-divider  position-relative pix-bottom-divider\" data-style=\"style-8\" style=\"bottom:-1px;\"><svg xmlns=\"http:\/\/www.w3.org\/2000\/svg\" width=\"100%\" height=\"300px\" viewBox=\"0 0 1200 366\" preserveAspectRatio=\"none\"><g class=\"animate-in\" data-anim-type=\"fade-in-up\" data-anim-delay=\"300\"><polygon fill=\"url(#divider-pix-accordion-587264-bottom-overlay-layer-3)\" points=\"0 240 1200 0 1200 366 0 366\" \/><\/g><polygon fill=\"url(#divider-pix-accordion-587264-bottom-overlay-layer-2)\" points=\"0 300 1200 60 1200 366 0 366\"  \/><polygon fill=\"#ffffff\" points=\"0 360 1200 120 1200 366 0 366\"\/><defs><linearGradient id=\"divider-pix-accordion-587264-bottom-overlay-layer-3\" x1=\"0%\" y1=\"0%\" x2=\"100%\" y2=\"0%\"><stop offset=\"0%\"   stop-color=\"#91BE43\"\/><stop offset=\"100%\"   stop-color=\"#FFFFFF03\"\/><\/linearGradient><linearGradient id=\"divider-pix-accordion-587264-bottom-overlay-layer-2\" x1=\"0%\" y1=\"0%\" x2=\"100%\" y2=\"0%\"><stop offset=\"0%\"   stop-color=\"#91BE43\"\/><stop offset=\"100%\"   stop-color=\"#FFFFFF03\"\/><\/linearGradient><\/defs><\/svg><\/div>\t\t<\/div>\n\t\t\t\t<\/div>\n\t\t\t\t\t<\/div>\n\t\t<\/div>\n\t\t\t\t\t\t\t<\/div>\n\t\t<\/section>\n\t\t\t\t\t\t\t<\/div>\n\t\t","protected":false},"excerpt":{"rendered":"<p>Analyse des march\u00e9s import \/ export Des termes tels que fret maritime, march\u00e9s \u00e0 terme, volatilit\u00e9 ou devises sont habituels dans les op\u00e9rations quotidiennes effectu\u00e9es dans nos bureaux, situ\u00e9s dans la ville historique de S\u00e9govie, dans la r\u00e9gion de Castilla&#8230;<\/p>\n","protected":false},"author":1,"featured_media":0,"parent":0,"menu_order":0,"comment_status":"closed","ping_status":"closed","template":"","meta":{"footnotes":""},"class_list":["post-5600","page","type-page","status-publish","hentry"],"yoast_head":"<!-- This site is optimized with the Yoast SEO plugin v27.2 - https:\/\/yoast.com\/product\/yoast-seo-wordpress\/ -->\n<title>Commerce international - Octaviano Palomo<\/title>\n<meta name=\"description\" content=\"T\u00e9rminos como fletes mar\u00edtimos, mercados de futuros, volatilidad o divisas son comunes en las operaciones diarias que se realizan en nuestras oficinas centrales, ubicadas en la hist\u00f3rica ciudad de Segovia, en la comunidad de Castilla y Le\u00f3n, entre campos de cereales y monumentos milenarios.\" \/>\n<meta name=\"robots\" content=\"index, follow, max-snippet:-1, max-image-preview:large, max-video-preview:-1\" \/>\n<link rel=\"canonical\" href=\"https:\/\/opalomo.com\/comercio-internacional\/\" \/>\n<meta property=\"og:locale\" content=\"fr_FR\" \/>\n<meta property=\"og:type\" content=\"article\" \/>\n<meta property=\"og:title\" content=\"Commerce international - Octaviano Palomo\" \/>\n<meta property=\"og:description\" content=\"T\u00e9rminos como fletes mar\u00edtimos, mercados de futuros, volatilidad o divisas son comunes en las operaciones diarias que se realizan en nuestras oficinas centrales, ubicadas en la hist\u00f3rica ciudad de Segovia, en la comunidad de Castilla y Le\u00f3n, entre campos de cereales y monumentos milenarios.\" \/>\n<meta property=\"og:url\" content=\"https:\/\/opalomo.com\/comercio-internacional\/\" \/>\n<meta property=\"og:site_name\" content=\"Octaviano Palomo\" \/>\n<meta property=\"article:modified_time\" content=\"2022-09-13T09:32:02+00:00\" \/>\n<meta name=\"twitter:card\" content=\"summary_large_image\" \/>\n<meta name=\"twitter:label1\" content=\"Dur\u00e9e de lecture estim\u00e9e\" \/>\n\t<meta name=\"twitter:data1\" content=\"1 minute\" \/>\n<script type=\"application\/ld+json\" class=\"yoast-schema-graph\">{\"@context\":\"https:\/\/schema.org\",\"@graph\":[{\"@type\":\"WebPage\",\"@id\":\"https:\/\/opalomo.com\/comercio-internacional\/\",\"url\":\"https:\/\/opalomo.com\/comercio-internacional\/\",\"name\":\"Commerce international - Octaviano Palomo\",\"isPartOf\":{\"@id\":\"https:\/\/opalomo.com\/#website\"},\"datePublished\":\"2022-05-12T11:44:17+00:00\",\"dateModified\":\"2022-09-13T09:32:02+00:00\",\"description\":\"T\u00e9rminos como fletes mar\u00edtimos, mercados de futuros, volatilidad o divisas son comunes en las operaciones diarias que se realizan en nuestras oficinas centrales, ubicadas en la hist\u00f3rica ciudad de Segovia, en la comunidad de Castilla y Le\u00f3n, entre campos de cereales y monumentos milenarios.\",\"breadcrumb\":{\"@id\":\"https:\/\/opalomo.com\/comercio-internacional\/#breadcrumb\"},\"inLanguage\":\"fr-FR\",\"potentialAction\":[{\"@type\":\"ReadAction\",\"target\":[\"https:\/\/opalomo.com\/comercio-internacional\/\"]}]},{\"@type\":\"BreadcrumbList\",\"@id\":\"https:\/\/opalomo.com\/comercio-internacional\/#breadcrumb\",\"itemListElement\":[{\"@type\":\"ListItem\",\"position\":1,\"name\":\"Portada\",\"item\":\"https:\/\/opalomo.com\/\"},{\"@type\":\"ListItem\",\"position\":2,\"name\":\"Commerce international\"}]},{\"@type\":\"WebSite\",\"@id\":\"https:\/\/opalomo.com\/#website\",\"url\":\"https:\/\/opalomo.com\/\",\"name\":\"Octaviano Palomo\",\"description\":\"Comercializaci\u00f3n  y distribuci\u00f3n de cereales, fertilizantes y materias primas\",\"potentialAction\":[{\"@type\":\"SearchAction\",\"target\":{\"@type\":\"EntryPoint\",\"urlTemplate\":\"https:\/\/opalomo.com\/?s={search_term_string}\"},\"query-input\":{\"@type\":\"PropertyValueSpecification\",\"valueRequired\":true,\"valueName\":\"search_term_string\"}}],\"inLanguage\":\"fr-FR\"}]}<\/script>\n<!-- \/ Yoast SEO plugin. -->","yoast_head_json":{"title":"Commerce international - Octaviano Palomo","description":"T\u00e9rminos como fletes mar\u00edtimos, mercados de futuros, volatilidad o divisas son comunes en las operaciones diarias que se realizan en nuestras oficinas centrales, ubicadas en la hist\u00f3rica ciudad de Segovia, en la comunidad de Castilla y Le\u00f3n, entre campos de cereales y monumentos milenarios.","robots":{"index":"index","follow":"follow","max-snippet":"max-snippet:-1","max-image-preview":"max-image-preview:large","max-video-preview":"max-video-preview:-1"},"canonical":"https:\/\/opalomo.com\/comercio-internacional\/","og_locale":"fr_FR","og_type":"article","og_title":"Commerce international - Octaviano Palomo","og_description":"T\u00e9rminos como fletes mar\u00edtimos, mercados de futuros, volatilidad o divisas son comunes en las operaciones diarias que se realizan en nuestras oficinas centrales, ubicadas en la hist\u00f3rica ciudad de Segovia, en la comunidad de Castilla y Le\u00f3n, entre campos de cereales y monumentos milenarios.","og_url":"https:\/\/opalomo.com\/comercio-internacional\/","og_site_name":"Octaviano Palomo","article_modified_time":"2022-09-13T09:32:02+00:00","twitter_card":"summary_large_image","twitter_misc":{"Dur\u00e9e de lecture estim\u00e9e":"1 minute"},"schema":{"@context":"https:\/\/schema.org","@graph":[{"@type":"WebPage","@id":"https:\/\/opalomo.com\/comercio-internacional\/","url":"https:\/\/opalomo.com\/comercio-internacional\/","name":"Commerce international - Octaviano Palomo","isPartOf":{"@id":"https:\/\/opalomo.com\/#website"},"datePublished":"2022-05-12T11:44:17+00:00","dateModified":"2022-09-13T09:32:02+00:00","description":"T\u00e9rminos como fletes mar\u00edtimos, mercados de futuros, volatilidad o divisas son comunes en las operaciones diarias que se realizan en nuestras oficinas centrales, ubicadas en la hist\u00f3rica ciudad de Segovia, en la comunidad de Castilla y Le\u00f3n, entre campos de cereales y monumentos milenarios.","breadcrumb":{"@id":"https:\/\/opalomo.com\/comercio-internacional\/#breadcrumb"},"inLanguage":"fr-FR","potentialAction":[{"@type":"ReadAction","target":["https:\/\/opalomo.com\/comercio-internacional\/"]}]},{"@type":"BreadcrumbList","@id":"https:\/\/opalomo.com\/comercio-internacional\/#breadcrumb","itemListElement":[{"@type":"ListItem","position":1,"name":"Portada","item":"https:\/\/opalomo.com\/"},{"@type":"ListItem","position":2,"name":"Commerce international"}]},{"@type":"WebSite","@id":"https:\/\/opalomo.com\/#website","url":"https:\/\/opalomo.com\/","name":"Octaviano Palomo","description":"Comercializaci\u00f3n  y distribuci\u00f3n de cereales, fertilizantes y materias primas","potentialAction":[{"@type":"SearchAction","target":{"@type":"EntryPoint","urlTemplate":"https:\/\/opalomo.com\/?s={search_term_string}"},"query-input":{"@type":"PropertyValueSpecification","valueRequired":true,"valueName":"search_term_string"}}],"inLanguage":"fr-FR"}]}},"_links":{"self":[{"href":"https:\/\/opalomo.com\/fr\/wp-json\/wp\/v2\/pages\/5600","targetHints":{"allow":["GET"]}}],"collection":[{"href":"https:\/\/opalomo.com\/fr\/wp-json\/wp\/v2\/pages"}],"about":[{"href":"https:\/\/opalomo.com\/fr\/wp-json\/wp\/v2\/types\/page"}],"author":[{"embeddable":true,"href":"https:\/\/opalomo.com\/fr\/wp-json\/wp\/v2\/users\/1"}],"replies":[{"embeddable":true,"href":"https:\/\/opalomo.com\/fr\/wp-json\/wp\/v2\/comments?post=5600"}],"version-history":[{"count":16,"href":"https:\/\/opalomo.com\/fr\/wp-json\/wp\/v2\/pages\/5600\/revisions"}],"predecessor-version":[{"id":5750,"href":"https:\/\/opalomo.com\/fr\/wp-json\/wp\/v2\/pages\/5600\/revisions\/5750"}],"wp:attachment":[{"href":"https:\/\/opalomo.com\/fr\/wp-json\/wp\/v2\/media?parent=5600"}],"curies":[{"name":"wp","href":"https:\/\/api.w.org\/{rel}","templated":true}]}}